{"id":914,"date":"2020-11-27T18:41:10","date_gmt":"2020-11-27T17:41:10","guid":{"rendered":"http:\/\/fabiennegondrand.com\/?page_id=914"},"modified":"2025-12-09T20:15:05","modified_gmt":"2025-12-09T19:15:05","slug":"podcast","status":"publish","type":"page","link":"https:\/\/fabiennegondrand.com\/index.php\/podcast\/","title":{"rendered":"Podcasts"},"content":{"rendered":"\n<figure class=\"wp-block-embed is-type-video is-provider-youtube wp-block-embed-youtube wp-embed-aspect-16-9 wp-has-aspect-ratio\"><div class=\"wp-block-embed__wrapper\">\n<iframe loading=\"lazy\" title=\"Conversation dans le noir : le podcast des \u00e9ditions du Masque #8 - Fabienne Gondrand\" width=\"900\" height=\"506\" src=\"https:\/\/www.youtube.com\/embed\/onMFBd-H3ps?feature=oembed\" frameborder=\"0\" allow=\"accelerometer; autoplay; clipboard-write; encrypted-media; gyroscope; picture-in-picture; web-share\" referrerpolicy=\"strict-origin-when-cross-origin\" allowfullscreen><\/iframe>\n<\/div><figcaption class=\"wp-element-caption\"><strong>Conversation dans le noir : <br>le podcast des \u00e9ditions du Masque #8 &#8211; Fabienne Gondrand<\/strong><\/figcaption><\/figure>\n\n\n\n<p class=\"has-text-align-left\">Dans ce nouvel \u00e9pisode, nous continuons notre visite des coulisses du genre en compagnie de Fabienne Gondrand, traductrice litt\u00e9raire, qui nous raconte ses d\u00e9buts dans le m\u00e9tier et sa passion pour les \u00e9ditions du Masque, h\u00e9ritage d&#8217;un grand-p\u00e8re italien fan des polars d&#8217;Agatha Christie et de Simenon. Au fil de la conversation, on \u00e9voque sa traduction &#8220;jubilatoire&#8221; de Meurtres \u00e0 Kingfisher Hill de Sophie Hannah, l&#8217;h\u00e9riti\u00e8re de la Reine du crime, ainsi que les romans noirs \u00e9lectriques de Joseph Knox, o\u00f9 la ville de Manchester se dresse comme un personnage. Pour finir, Fabienne nous parle en avant-premi\u00e8re de la nouvelle aventure de l&#8217;inspecteur John Rebus, par l&#8217;immense Ian Rankin, auteur phare de la maison. Bonne \u00e9coute ! <img loading=\"lazy\" decoding=\"async\" alt=\"\ud83c\udfa7\" src=\"https:\/\/static.xx.fbcdn.net\/images\/emoji.php\/v9\/t5a\/1.5\/16\/1f3a7.png\" width=\"16\" height=\"16\"><\/p>\n\n\n\n<p>CR\u00c9DITS : Conversation dans le noir est un podcast des \u00e9ditions du Masque. R\u00e9alisation : Paul Sanfourche G\u00e9n\u00e9rique: Longing &#8211; Joachim Karud<\/p>\n\n\n\n<hr class=\"wp-block-separator has-alpha-channel-opacity\"\/>\n\n\n\n<figure class=\"wp-block-image size-large\"><a href=\"https:\/\/soundcloud.com\/user-446838274\/le-chant-des-tenebres-de-ian\" target=\"_blank\" rel=\"noopener\"><img loading=\"lazy\" decoding=\"async\" width=\"682\" height=\"638\" src=\"https:\/\/fabiennegondrand.com\/wp-content\/uploads\/2021\/01\/Screenshot-2021-01-30-at-18.45.44-2.png\" alt=\"\" class=\"wp-image-937\" srcset=\"https:\/\/fabiennegondrand.com\/wp-content\/uploads\/2021\/01\/Screenshot-2021-01-30-at-18.45.44-2.png 682w, https:\/\/fabiennegondrand.com\/wp-content\/uploads\/2021\/01\/Screenshot-2021-01-30-at-18.45.44-2-300x281.png 300w\" sizes=\"(max-width: 682px) 100vw, 682px\" \/><\/a><figcaption class=\"wp-element-caption\"><strong>Les podcasts d&#8217;ALIBI<br>Le chant des t\u00e9n\u00e8bres, de Ian Rankin<\/strong><\/figcaption><\/figure>\n\n\n\n<p><\/p>\n\n\n\n<p>Chaque vendredi, le gang de la revue&nbsp;ALIBI&nbsp;vous propose deux minutes de polar (grands formats et poches, adultes et jeunesse, ainsi que des r\u00e9cits).<\/p>\n\n\n\n<p>D\u00e9couvrez nos lectures coups de coeur, des chroniques que vous pouvez retrouver dans le num\u00e9ro 4 d&#8217;ALIBI<strong>&nbsp;<\/strong>(parution le 29 janvier), dans toutes les librairies.<\/p>\n\n\n\n<p>Vous pouvez aussi vous procurer votre revue via notre boutique en ligne sur&nbsp;<a href=\"https:\/\/www.alibimag.com\/\">alibimag.com<\/a>&nbsp;et\/ou vous y abonner pour la recevoir directement chez vous.<\/p>\n\n\n\n<p>Aujourd&#8217;hui,<strong>&nbsp;Le chant des t\u00e9n\u00e8bres&nbsp;de Ian Rankin, traduit par Fabienne Gondrand, paru aux \u00e9ditions du Masque.<\/strong><\/p>\n","protected":false},"excerpt":{"rendered":"<p>Dans ce nouvel \u00e9pisode, nous continuons notre visite des coulisses du genre en compagnie de Fabienne Gondrand, traductrice litt\u00e9raire, qui nous raconte ses d\u00e9buts dans le m\u00e9tier et sa passion pour les \u00e9ditions du Masque, h\u00e9ritage d&#8217;un grand-p\u00e8re italien fan des polars d&#8217;Agatha Christie et de Simenon. Au fil de la conversation, on \u00e9voque sa [&hellip;]<\/p>\n","protected":false},"author":1,"featured_media":0,"parent":0,"menu_order":0,"comment_status":"closed","ping_status":"closed","template":"","meta":{"footnotes":""},"_links":{"self":[{"href":"https:\/\/fabiennegondrand.com\/index.php\/wp-json\/wp\/v2\/pages\/914"}],"collection":[{"href":"https:\/\/fabiennegondrand.com\/index.php\/wp-json\/wp\/v2\/pages"}],"about":[{"href":"https:\/\/fabiennegondrand.com\/index.php\/wp-json\/wp\/v2\/types\/page"}],"author":[{"embeddable":true,"href":"https:\/\/fabiennegondrand.com\/index.php\/wp-json\/wp\/v2\/users\/1"}],"replies":[{"embeddable":true,"href":"https:\/\/fabiennegondrand.com\/index.php\/wp-json\/wp\/v2\/comments?post=914"}],"version-history":[{"count":21,"href":"https:\/\/fabiennegondrand.com\/index.php\/wp-json\/wp\/v2\/pages\/914\/revisions"}],"predecessor-version":[{"id":1514,"href":"https:\/\/fabiennegondrand.com\/index.php\/wp-json\/wp\/v2\/pages\/914\/revisions\/1514"}],"wp:attachment":[{"href":"https:\/\/fabiennegondrand.com\/index.php\/wp-json\/wp\/v2\/media?parent=914"}],"curies":[{"name":"wp","href":"https:\/\/api.w.org\/{rel}","templated":true}]}}